{"id":4546,"date":"2021-04-09T14:59:09","date_gmt":"2021-04-09T12:59:09","guid":{"rendered":"https:\/\/opter.com\/a2b-onsket-et-heldekkende-system\/"},"modified":"2025-04-04T16:09:05","modified_gmt":"2025-04-04T14:09:05","slug":"a2b","status":"publish","type":"page","link":"https:\/\/opter.com\/no\/a2b\/","title":{"rendered":"A2B"},"content":{"rendered":"<div class=\"ImageHeadline\">\n      <div class=\"ImageHeadline-image\" style=\"background-image: url('https:\/\/opter.com\/wp-content\/uploads\/2022\/11\/a2b-tero-kakko-1600-1024x576.png')\">\n      <img loading=\"lazy\" decoding=\"async\" width=\"1024\" height=\"576\" src=\"https:\/\/opter.com\/wp-content\/uploads\/2022\/11\/a2b-tero-kakko-1600-1024x576.png\" class=\"ImageHeadline-img\" alt=\"\" srcset=\"https:\/\/opter.com\/wp-content\/uploads\/2022\/11\/a2b-tero-kakko-1600-1024x576.png 1024w, https:\/\/opter.com\/wp-content\/uploads\/2022\/11\/a2b-tero-kakko-1600-300x169.png 300w, https:\/\/opter.com\/wp-content\/uploads\/2022\/11\/a2b-tero-kakko-1600-768x432.png 768w, https:\/\/opter.com\/wp-content\/uploads\/2022\/11\/a2b-tero-kakko-1600-1536x864.png 1536w, https:\/\/opter.com\/wp-content\/uploads\/2022\/11\/a2b-tero-kakko-1600-1440x810.png 1440w, https:\/\/opter.com\/wp-content\/uploads\/2022\/11\/a2b-tero-kakko-1600.png 1600w\" sizes=\"auto, (max-width: 1024px) 100vw, 1024px\" \/>\n    <\/div>\n    <h2 class=\"ImageHeadline-headline\">\u00abOpter er en viktig del av virksomheten v\u00e5r og hjelper oss \u00e5 gj\u00f8re en god jobb.\u00bb<\/h2>\n<\/div>\n\n\n\n\n<p>Spedisjonsselskapet <a rel=\"noreferrer noopener\" style=\"user-select: auto;\" href=\"https:\/\/a2b.fi\/\" target=\"_blank\">A2Bs<\/a> administrerende direkt\u00f8r Tero Kakko valgte Opter allerede i 2002 for selskapet han jobbet i den gang. Han forteller at da de bes\u00f8kte hos et lokalt transportselskap i Sverige, fikk de se programvaren under bes\u00f8ket. De likte det de s\u00e5 fordi den var tydelig og enkel. Og fremfor alt verdsatte de funksjonene som var en del av transportplanleggingen. <\/p>\n\n\n\n<p>\u00abDet beste med Opter er at systemet som helhet fungerer s\u00e5 bra. Det dekker alt fra mottak av ordrer til transportplanlegging, fakturering og administrasjon.&nbsp;Opter er en viktig del av virksomheten v\u00e5r og hjelper oss \u00e5 gj\u00f8re en god jobb.\u00bb<\/p>\n\n\n\n<p>Da A2B \u00f8nsket et helhetlig system, var valget \u00e5penbart. I dag har de brukt Opter siden 2010, og selskapet har 50 kj\u00f8ret\u00f8y i vognparken sin.<\/p>\n\n\n\n<h3 class=\"wp-block-heading\">Bestill en demonstrasjon!<\/h3>\n\n\n\n<p>Vil du vite mer? Vi viser deg gjerne hvordan Opter kan effektivisere virksomheten din.<\/p>\n\n\n<div class=\"BookADemo\">\n    <a class=\"BookADemo-link\" href=\"\/no\/kontakt-oss\/bestill-demonstrasjon\/\">\n      Kontakt oss\n    <\/a>\n  <\/div>\n\n","protected":false},"excerpt":{"rendered":"<p>Spedisjonsselskapet A2Bs administrerende direkt\u00f8r Tero Kakko valgte Opter allerede&hellip;<\/p>\n","protected":false},"author":18,"featured_media":3537,"parent":0,"menu_order":0,"comment_status":"closed","ping_status":"closed","template":"","meta":{"_acf_changed":false,"footnotes":""},"class_list":["post-4546","page","type-page","status-publish","has-post-thumbnail","hentry"],"acf":[],"_links":{"self":[{"href":"https:\/\/opter.com\/no\/wp-json\/wp\/v2\/pages\/4546","targetHints":{"allow":["GET"]}}],"collection":[{"href":"https:\/\/opter.com\/no\/wp-json\/wp\/v2\/pages"}],"about":[{"href":"https:\/\/opter.com\/no\/wp-json\/wp\/v2\/types\/page"}],"author":[{"embeddable":true,"href":"https:\/\/opter.com\/no\/wp-json\/wp\/v2\/users\/18"}],"replies":[{"embeddable":true,"href":"https:\/\/opter.com\/no\/wp-json\/wp\/v2\/comments?post=4546"}],"version-history":[{"count":14,"href":"https:\/\/opter.com\/no\/wp-json\/wp\/v2\/pages\/4546\/revisions"}],"predecessor-version":[{"id":13303,"href":"https:\/\/opter.com\/no\/wp-json\/wp\/v2\/pages\/4546\/revisions\/13303"}],"wp:featuredmedia":[{"embeddable":true,"href":"https:\/\/opter.com\/no\/wp-json\/wp\/v2\/media\/3537"}],"wp:attachment":[{"href":"https:\/\/opter.com\/no\/wp-json\/wp\/v2\/media?parent=4546"}],"curies":[{"name":"wp","href":"https:\/\/api.w.org\/{rel}","templated":true}]}}