{"id":5300,"date":"2021-08-20T09:21:42","date_gmt":"2021-08-20T07:21:42","guid":{"rendered":"https:\/\/opter.com\/opter-svarte-til-behovene-vare-for-et-system-som-er-skreddersydd-akkurat-for-oss\/"},"modified":"2023-01-11T11:55:20","modified_gmt":"2023-01-11T10:55:20","slug":"pohjola-logistics","status":"publish","type":"page","link":"https:\/\/opter.com\/no\/pohjola-logistics\/","title":{"rendered":"Pohjola Logistics"},"content":{"rendered":"<div class=\"ImageHeadline\">\n      <div class=\"ImageHeadline-image\" style=\"background-image: url('https:\/\/opter.com\/wp-content\/uploads\/2021\/08\/pohjala-logistics-1280-1024x576.png')\">\n      <img loading=\"lazy\" decoding=\"async\" width=\"1024\" height=\"576\" src=\"https:\/\/opter.com\/wp-content\/uploads\/2021\/08\/pohjala-logistics-1280-1024x576.png\" class=\"ImageHeadline-img\" alt=\"Tommi Pohjola\" srcset=\"https:\/\/opter.com\/wp-content\/uploads\/2021\/08\/pohjala-logistics-1280-1024x576.png 1024w, https:\/\/opter.com\/wp-content\/uploads\/2021\/08\/pohjala-logistics-1280-300x169.png 300w, https:\/\/opter.com\/wp-content\/uploads\/2021\/08\/pohjala-logistics-1280-768x432.png 768w, https:\/\/opter.com\/wp-content\/uploads\/2021\/08\/pohjala-logistics-1280.png 1280w\" sizes=\"auto, (max-width: 1024px) 100vw, 1024px\" \/>\n    <\/div>\n    <h2 class=\"ImageHeadline-headline\">\u00abOpter svarte til behovene v\u00e5re for et system som er skreddersydd for oss.\u00bb<\/h2>\n<\/div>\n\n\n\n\n<p>Blant flere av programmene man finner p\u00e5 markedet valgte <a rel=\"noreferrer noopener\" style=\"user-select: auto;\" href=\"https:\/\/pohjolalogistics.fi\/\" target=\"_blank\">Pohjola Logistic<\/a><a style=\"user-select: auto;\" href=\"https:\/\/pohjolalogistics.fi\/\">s<\/a> Opter. De pr\u00f8vde flere program og holdt nesten p\u00e5 \u00e5 ta noen av dem i bruk. Alltid ble likevel utfordringene med \u00e5 tilpasse programmet etter bedriftens behov et hinder; enten var det helt umulig eller s\u00e5 ble det urimelig dyrt.<\/p>\n\n\n\n<p>\u00abDet beste med Opter er muligheten til \u00e5 tilpasse det akkurat etter egne behov. Vi g\u00e5r n\u00e5 over til et nesten helt papirfritt driftsmilj\u00f8. Opter gj\u00f8r det mulig at oppdragene g\u00e5r automatisk over fra ordre til fakturering, og informasjonen er gjennomsiktig og lett \u00e5 finne\u00bb, forteller trafikkansvarlig i Pohjola Logistics, Tommi Pohjola.<\/p>\n\n\n\n<p>Grunnegenskapene i Opter passet til virksomheten i et transportselskap som Pohjola Logistics, og det var b\u00e5de mulig og rimelig \u00e5 tilpasse det etter bedriftens behov. I praksis kan Pohjola Logistics nesten gjennomf\u00f8re all tilpasning selv. Pohjola Logistics opererer i Opter med 16 sj\u00e5f\u00f8rer, og bruken av programmet startet sommeren 2021.<\/p>\n\n\n\n<h3 class=\"wp-block-heading\">Bestill en demonstrasjon!<\/h3>\n\n\n\n<p>Vil du vite mer? Vi viser deg gjerne hvordan Opter kan effektivisere virksomheten din.<\/p>\n\n\n<div class=\"BookADemo\">\n    <a class=\"BookADemo-link\" href=\"\/no\/kontakt-oss\/bestill-demonstrasjon\/\">\n      Kontakt oss\n    <\/a>\n  <\/div>\n\n","protected":false},"excerpt":{"rendered":"<p>Blant flere av programmene man finner p\u00e5 markedet valgte&hellip;<\/p>\n","protected":false},"author":11,"featured_media":5244,"parent":0,"menu_order":0,"comment_status":"closed","ping_status":"closed","template":"","meta":{"_acf_changed":false,"footnotes":""},"class_list":["post-5300","page","type-page","status-publish","has-post-thumbnail","hentry"],"acf":[],"_links":{"self":[{"href":"https:\/\/opter.com\/no\/wp-json\/wp\/v2\/pages\/5300","targetHints":{"allow":["GET"]}}],"collection":[{"href":"https:\/\/opter.com\/no\/wp-json\/wp\/v2\/pages"}],"about":[{"href":"https:\/\/opter.com\/no\/wp-json\/wp\/v2\/types\/page"}],"author":[{"embeddable":true,"href":"https:\/\/opter.com\/no\/wp-json\/wp\/v2\/users\/11"}],"replies":[{"embeddable":true,"href":"https:\/\/opter.com\/no\/wp-json\/wp\/v2\/comments?post=5300"}],"version-history":[{"count":8,"href":"https:\/\/opter.com\/no\/wp-json\/wp\/v2\/pages\/5300\/revisions"}],"predecessor-version":[{"id":7494,"href":"https:\/\/opter.com\/no\/wp-json\/wp\/v2\/pages\/5300\/revisions\/7494"}],"wp:featuredmedia":[{"embeddable":true,"href":"https:\/\/opter.com\/no\/wp-json\/wp\/v2\/media\/5244"}],"wp:attachment":[{"href":"https:\/\/opter.com\/no\/wp-json\/wp\/v2\/media?parent=5300"}],"curies":[{"name":"wp","href":"https:\/\/api.w.org\/{rel}","templated":true}]}}