{"id":7376,"date":"2022-02-11T15:28:54","date_gmt":"2022-02-11T14:28:54","guid":{"rendered":"https:\/\/opter.com\/?page_id=7376"},"modified":"2022-11-14T15:21:09","modified_gmt":"2022-11-14T14:21:09","slug":"bestill-demonstrasjon","status":"publish","type":"page","link":"https:\/\/opter.com\/no\/kontakt-oss\/bestill-demonstrasjon\/","title":{"rendered":"Bestill demonstrasjon"},"content":{"rendered":"\n<h3 class=\"wp-block-heading\">Vi viser deg gjerne hva Opter kan gj\u00f8re for virksomheten din<\/h3>\n\n\n\n<p>Se hvordan moderne transportfirmaer digitaliserer ordreh\u00e5ndtering, transportplanlegging, kommunikasjon og administrasjon med Opter. Bestill en demonstrasjon, s\u00e5 viser vi deg hvor enkelt det er \u00e5 komme i gang.<\/p>\n\n\n\n<div class=\"contact-form\">\n<script type=\"text\/javascript\">function openTerms(id) {var terms = {\"1\":null,\"2\":null,\"3\":null,\"4\":null,\"5\":null,\"6\":null,\"7\":null,\"8\":null,\"9\":null,\"10\":null};var preview = window.open(\"\", \"\", \"height=700,width=800,scrollbars=yes,resizable=yes,toolbar=no,status=no,menu=no,titlebar=no,location=no,addressbar=no\");var html=\"<head><meta charset=\\\"UTF-8\\\"><style>body {margin: 0; padding: 20px;color: #333;font-family: Helvetica;font-size: 14px;}<\/style><\/head><body>\" + terms[id] + \"<\/body>\";preview.document.write(html);}<\/script><form id=\"up-form\" name=\"form_7045ue73a228e3b074bdea8f75973638028ac\" action=\"https:\/\/power.upsales.com\/api\/external\/formSubmit\" method=\"POST\"><div><label>Navn *<\/label><br><input maxlength=\"512\" type=\"text\" placeholder=\"\" name=\"Contact.name\" required=\"required\"><\/div><div><label>Firma *<\/label><br><input maxlength=\"512\" type=\"text\" placeholder=\"\" id=\"up-client-name-input\" name=\"Client.name\" required=\"required\"><\/div><div class=\"email\"><label>E-post *<\/label><br><input maxlength=\"512\" type=\"email\" placeholder=\"\" pattern=\"^[a-zA-Z0-9.!#$%&amp;\u2019*+\\\/=?^_`{|}~-]+@[a-zA-Z0-9-]+(?:\\.[a-zA-Z0-9-]+){1,}$\" title=\"Please enter a valid email\" id=\"up-email-input\" autocomplete=\"off\" name=\"Contact.email\" required=\"required\"><\/div><div><label>Telefon *<\/label><br><input maxlength=\"512\" type=\"text\" placeholder=\"\" name=\"Client.phone\" required=\"required\"><\/div><div class=\"form-group\" style=\"display: flex;\"><input type=\"checkbox\" value=\"on\" name=\"singleOptIn.7ce96wgc9re\" style=\"margin: auto 7px auto 0px;\" required=\"required\"><label class=\"opt-in-label\">Jeg godkjenner at min e-postadresse og mitt telefonnummer brukes til at Opter skal kunne kontakte meg. <span class=\"text-danger\">*<\/span><\/label> <\/div><!-- REQUIRED FIELDS --><input type=\"hidden\" name=\"formCid\" value=\"7045\"><input type=\"hidden\" name=\"formId\" value=\"7045ue73a228e3b074bdea8f75973638028ac\"><input type=\"hidden\" name=\"isFrame\" value=\"false\"><input type=\"text\" value=\"\" name=\"validation\" style=\"display: none;\"><!-- END OF REQUIRED FIELDS --><div class=\"submit-button\"><button type=\"submit\">Bestill demonstrasjon<\/button><\/div><\/form><link rel=\"stylesheet\" href=\"\/\/cdnjs.cloudflare.com\/ajax\/libs\/intl-tel-input\/16.0.1\/css\/intlTelInput.css\" crossorigin=\"anonymous\"><script src=\"\/\/cdnjs.cloudflare.com\/ajax\/libs\/intl-tel-input\/16.0.1\/js\/intlTelInput.min.js\"><\/script><script>    (function() {      var phoneFields = document.querySelectorAll('input[name*=phone], input[name*=Phone]');      [].forEach.call(phoneFields, function(element) {        window.hasPhoneFields = true;        element.iti = window.intlTelInput(element, {          preferredCountries: [],          initialCountry: 'auto',          utilsScript: 'https:\/\/cdnjs.cloudflare.com\/ajax\/libs\/intl-tel-input\/16.0.1\/js\/utils.js',          geoIpLookup: function(success) {            var xhr = new XMLHttpRequest();            xhr.open('GET', 'https:\/\/power.upsales.com\/api\/external\/whereAmI');            xhr.onload = function() {              success(xhr.status === 200 && !xhr.responseText?.includes(\"no-js\") ? (JSON.parse(xhr.responseText).data || \"\") : \"\");            };            xhr.send();          }        });      });    })();<\/script><script>(function(){var form = document.getElementById(\"up-form\");if(form) {form.addEventListener(\"submit\", function(ev) {var button = ev.target.querySelector(\"button[type=submit]\");if(button) {button.disabled = true;}});}})();<\/script><script>function onSubmit(t){var o,n,a=!0,e=!0;void 0!==window.__validEmail&&(e=window.__validEmail,a=!1),\"boolean\"==typeof e&&e&&!a?validateForm(t,\"https:\/\/opter.com\/no\/kontakt-oss\/takk\/\"):(t.preventDefault(),o=!0,n=setInterval(function(){var e=window._bEmValid;void 0===window.__validEmail&&e||(o=window.__validEmail,a=!1),(\"boolean\"==typeof o&&o||!a)&&(clearInterval(n),validateForm(t,\"https:\/\/opter.com\/no\/kontakt-oss\/takk\/\"))},300))}function validateForm(e,o){e.preventDefault();for(var e=document.getElementsByName(\"formId\")[0].value,e=document.forms[\"form_\"+e],t=e.querySelectorAll(\"input, textarea, select\"),n=0;n<t.length;n++)\"text\"===t[n].type&#038;&#038;(t[n].value=t[n].value.trim());var a=e.querySelectorAll(\"input[name*=phone], input[name*=Phone]\");if([].forEach.call(a,function(e){e.iti&#038;&#038;(e.value=e.iti.getNumber())}),void 0===window.grecaptcha||\"\"!==window.grecaptcha.getResponse()){for(var l=[],n=0;n<t.length;n++)\"checkbox\"===t[n].type?l.push(t[n].name+\"=\"+encodeURIComponent(t[n].checked?t[n].value:\"off\")):l.push(t[n].name+\"=\"+encodeURIComponent(t[n].value));var a=l.join(\"&#038;\"),s=(a+=\"&#038;isAjax=true\",window._paq||null),i=new XMLHttpRequest;i.open(\"POST\",e.action),i.setRequestHeader(\"Content-Type\",\"application\/x-www-form-urlencoded\"),i.send(a),i.onload=function(){var e,t;200===i.status?o?(s&#038;&#038;s.push&#038;&#038;s.push([\"trackLink\",\"https:\/\/post.upsales.com\/\"+i.responseText,\"link\"]),\"undefined\"!=typeof _uaq&#038;&#038;_uaq(\"form=\"+i.responseText),setTimeout(function(){window.top.location.href=o},333)):(e=document.getElementById(\"up-form\"),t=document.getElementById(\"up-form-thanks\"),e.style.display=\"none\",t.style.display=\"block\",s&#038;&#038;s.push&#038;&#038;s.push([\"trackLink\",\"https:\/\/post.upsales.com\/\"+i.responseText,\"link\"]),_uaq&#038;&#038;_uaq(\"form=\"+i.responseText)):console.log(\"AJAX ERROR\",i.status)}}else{e=document.getElementById(\"recaptcha-error\"),a=document.getElementsByClassName(\"g-recaptcha\");e.style.display=\"none\",a&#038;&#038;a.length&#038;&#038;console.log(\"handle this later\")}}var form=document.getElementById(\"up-form\");form.addEventListener(\"submit\",onSubmit);<\/script>\n<\/div>\n\n\n\n<p><\/p>\n","protected":false},"excerpt":{"rendered":"<p>Vi viser deg gjerne hva Opter kan gj\u00f8re for&hellip;<\/p>\n","protected":false},"author":15,"featured_media":0,"parent":2118,"menu_order":0,"comment_status":"closed","ping_status":"closed","template":"","meta":{"_acf_changed":false,"footnotes":""},"class_list":["post-7376","page","type-page","status-publish","hentry"],"acf":[],"_links":{"self":[{"href":"https:\/\/opter.com\/no\/wp-json\/wp\/v2\/pages\/7376","targetHints":{"allow":["GET"]}}],"collection":[{"href":"https:\/\/opter.com\/no\/wp-json\/wp\/v2\/pages"}],"about":[{"href":"https:\/\/opter.com\/no\/wp-json\/wp\/v2\/types\/page"}],"author":[{"embeddable":true,"href":"https:\/\/opter.com\/no\/wp-json\/wp\/v2\/users\/15"}],"replies":[{"embeddable":true,"href":"https:\/\/opter.com\/no\/wp-json\/wp\/v2\/comments?post=7376"}],"version-history":[{"count":3,"href":"https:\/\/opter.com\/no\/wp-json\/wp\/v2\/pages\/7376\/revisions"}],"predecessor-version":[{"id":8545,"href":"https:\/\/opter.com\/no\/wp-json\/wp\/v2\/pages\/7376\/revisions\/8545"}],"up":[{"embeddable":true,"href":"https:\/\/opter.com\/no\/wp-json\/wp\/v2\/pages\/2118"}],"wp:attachment":[{"href":"https:\/\/opter.com\/no\/wp-json\/wp\/v2\/media?parent=7376"}],"curies":[{"name":"wp","href":"https:\/\/api.w.org\/{rel}","templated":true}]}}