{"id":7379,"date":"2022-02-17T14:07:26","date_gmt":"2022-02-17T13:07:26","guid":{"rendered":"https:\/\/opter.com\/?page_id=7379"},"modified":"2023-02-08T16:17:51","modified_gmt":"2023-02-08T15:17:51","slug":"brink-transport","status":"publish","type":"page","link":"https:\/\/opter.com\/no\/brink-transport\/","title":{"rendered":"Brink Transport"},"content":{"rendered":"<div class=\"ImageHeadline\">\n      <div class=\"ImageHeadline-image\" style=\"background-image: url('https:\/\/opter.com\/wp-content\/uploads\/2022\/02\/brink-transport-1600-1024x576.png')\">\n      <img loading=\"lazy\" decoding=\"async\" width=\"1024\" height=\"576\" src=\"https:\/\/opter.com\/wp-content\/uploads\/2022\/02\/brink-transport-1600-1024x576.png\" class=\"ImageHeadline-img\" alt=\"\" srcset=\"https:\/\/opter.com\/wp-content\/uploads\/2022\/02\/brink-transport-1600-1024x576.png 1024w, https:\/\/opter.com\/wp-content\/uploads\/2022\/02\/brink-transport-1600-300x169.png 300w, https:\/\/opter.com\/wp-content\/uploads\/2022\/02\/brink-transport-1600-768x432.png 768w, https:\/\/opter.com\/wp-content\/uploads\/2022\/02\/brink-transport-1600-1536x864.png 1536w, https:\/\/opter.com\/wp-content\/uploads\/2022\/02\/brink-transport-1600-1440x810.png 1440w, https:\/\/opter.com\/wp-content\/uploads\/2022\/02\/brink-transport-1600.png 1600w\" sizes=\"auto, (max-width: 1024px) 100vw, 1024px\" \/>\n    <\/div>\n    <h2 class=\"ImageHeadline-headline\">\u00abEt fantastisk verkt\u00f8y for fremtiden\u00bb<\/h2>\n<\/div>\n\n\n\n\n<p><a rel=\"noreferrer noopener\" style=\"user-select: auto;\" href=\"https:\/\/www.brinktransport.dk\/\" target=\"_blank\">Brink Transport<\/a> har daglig ca. 85 biler p\u00e5 veien fordelt p\u00e5 levering samme dag, neste dag samt nattransport. Godsvolumene er cirka likt fordelt mellom tre terminaler i Kolding, Br\u00f8ndby og Viborg. Opter forsyner Brink Transport med gode rapporter og relevante n\u00f8kkeltall, noe som bidrar til forbedret drift og mer korrekte tilbud.<\/p>\n\n\n\n<p>Claus Laustsen, adm.dir. i Brink Transport: \u00abVi valgte Opter fordi det er et enkelt og \u00e5pent system som kan tilpasses til individuelle medarbeidere og stillinger. Ressursutnyttelse, h\u00e5ndtering av vognpark, sj\u00e5f\u00f8rapp, skanning og statistikk er viktige funksjoner for oss i v\u00e5r daglige virksomhet, og Opter har virkelig gjort en forskjell n\u00e5r det gjelder dette. Det har gjort det mulig for oss \u00e5 effektivisere prosessene v\u00e5re, og det har gitt oss et fantastisk verkt\u00f8y for fremtiden.\u00bb<\/p>\n\n\n\n<h3 class=\"wp-block-heading\">Bestill en demonstrasjon!<\/h3>\n\n\n\n<p>Vil du vite mer? Vi viser deg gjerne hvordan Opter kan effektivisere virksomheten din.<\/p>\n\n\n<div class=\"BookADemo\">\n    <a class=\"BookADemo-link\" href=\"\/no\/kontakt-oss\/bestill-demonstrasjon\/\">\n      Kontakt oss\n    <\/a>\n  <\/div>\n\n","protected":false},"excerpt":{"rendered":"<p>Brink Transport har daglig ca. 85 biler p\u00e5 veien&hellip;<\/p>\n","protected":false},"author":18,"featured_media":7354,"parent":0,"menu_order":0,"comment_status":"closed","ping_status":"closed","template":"","meta":{"_acf_changed":false,"footnotes":""},"class_list":["post-7379","page","type-page","status-publish","has-post-thumbnail","hentry"],"acf":[],"_links":{"self":[{"href":"https:\/\/opter.com\/no\/wp-json\/wp\/v2\/pages\/7379","targetHints":{"allow":["GET"]}}],"collection":[{"href":"https:\/\/opter.com\/no\/wp-json\/wp\/v2\/pages"}],"about":[{"href":"https:\/\/opter.com\/no\/wp-json\/wp\/v2\/types\/page"}],"author":[{"embeddable":true,"href":"https:\/\/opter.com\/no\/wp-json\/wp\/v2\/users\/18"}],"replies":[{"embeddable":true,"href":"https:\/\/opter.com\/no\/wp-json\/wp\/v2\/comments?post=7379"}],"version-history":[{"count":9,"href":"https:\/\/opter.com\/no\/wp-json\/wp\/v2\/pages\/7379\/revisions"}],"predecessor-version":[{"id":9307,"href":"https:\/\/opter.com\/no\/wp-json\/wp\/v2\/pages\/7379\/revisions\/9307"}],"wp:featuredmedia":[{"embeddable":true,"href":"https:\/\/opter.com\/no\/wp-json\/wp\/v2\/media\/7354"}],"wp:attachment":[{"href":"https:\/\/opter.com\/no\/wp-json\/wp\/v2\/media?parent=7379"}],"curies":[{"name":"wp","href":"https:\/\/api.w.org\/{rel}","templated":true}]}}