{"id":7381,"date":"2022-02-17T13:45:19","date_gmt":"2022-02-17T12:45:19","guid":{"rendered":"https:\/\/opter.com\/?page_id=7381"},"modified":"2026-03-19T15:10:38","modified_gmt":"2026-03-19T14:10:38","slug":"aa-logistik","status":"publish","type":"page","link":"https:\/\/opter.com\/no\/aa-logistik\/","title":{"rendered":"AA Logistik"},"content":{"rendered":"<div class=\"ImageHeadline\">\n      <div class=\"ImageHeadline-image\" style=\"background-image: url('https:\/\/opter.com\/wp-content\/uploads\/2022\/02\/aa-logistik-1600-1024x576.png')\">\n      <img loading=\"lazy\" decoding=\"async\" width=\"1024\" height=\"576\" src=\"https:\/\/opter.com\/wp-content\/uploads\/2022\/02\/aa-logistik-1600-1024x576.png\" class=\"ImageHeadline-img\" alt=\"\" srcset=\"https:\/\/opter.com\/wp-content\/uploads\/2022\/02\/aa-logistik-1600-1024x576.png 1024w, https:\/\/opter.com\/wp-content\/uploads\/2022\/02\/aa-logistik-1600-300x169.png 300w, https:\/\/opter.com\/wp-content\/uploads\/2022\/02\/aa-logistik-1600-768x432.png 768w, https:\/\/opter.com\/wp-content\/uploads\/2022\/02\/aa-logistik-1600-1536x864.png 1536w, https:\/\/opter.com\/wp-content\/uploads\/2022\/02\/aa-logistik-1600-1440x810.png 1440w, https:\/\/opter.com\/wp-content\/uploads\/2022\/02\/aa-logistik-1600.png 1600w\" sizes=\"auto, (max-width: 1024px) 100vw, 1024px\" \/>\n    <\/div>\n    <h2 class=\"ImageHeadline-headline\">\u00abEffekten Opter har gitt oss, har v\u00e6rt over all forventning.\u00bb<\/h2>\n<\/div>\n\n\n\n\n<p><a style=\"user-select: auto;\" href=\"https:\/\/www.aalogistik.se\/\">AA Logistik<\/a> har drevet sin virksomhet i logistikkbransjen siden 1872 \u2013 da med litt annet personale og utstyr enn i dag, s\u00e5 klart. Firmaet har sin opprinnelse i ABB-konsernet. Det ble et eget selskap i 2001 og arbeider i dag med et stort antall kunder.<\/p>\n\n\n\n<p>AA Logistik valgte Opter til dels for \u00e5 kunne im\u00f8tekomme kundenes krav og ettersp\u00f8rsel, og til dels for \u00e5 kunne effektivisere de interne prosessene. &laquo;I dag bruker vi Opter til \u00e5 trafikklede samtlige av bilene v\u00e5re og til \u00e5 fakturere, mens kundene v\u00e5re bestiller transportene sine i Opter. Vi henter ogs\u00e5 statistikk, genererer rapporter og kobler sammen \u00f8vrige forretningssystemer&raquo;, sier Andreas Backstr\u00f6m, transportsjef i AA Logistik.<\/p>\n\n\n\n<p>Andreas forteller videre at de er sv\u00e6rt forn\u00f8yde med Opter som transportplanleggingssystem. &laquo;Effekten Opter har gitt oss, har v\u00e6rt over all forventning og oppfylt alle kravene v\u00e5re,<strong style=\"user-select: auto;\"> <\/strong>til tross for at listen var lagt sv\u00e6rt h\u00f8yt. N\u00e5 har vi meget god oversikt i sanntid og kan enkelt f\u00f8lge med p\u00e5 hvordan det g\u00e5r i transportavdelingen. Vi har kunnet slutte \u00e5 oppbevare mange av kundenes komplekse behov i permer og Excel-filer og i stedet mate dem inn i Opter&raquo;, avslutter han.<\/p>\n\n\n\n<h3 class=\"wp-block-heading\">Bestill en demonstrasjon!<\/h3>\n\n\n\n<p>Vil du vite mer? Vi viser deg gjerne hvordan Opter kan effektivisere virksomheten din.<\/p>\n\n\n<div class=\"BookADemo\">\n    <a class=\"BookADemo-link\" href=\"\/no\/kontakt-oss\/bestill-demonstrasjon\/\">\n      Bestill demonstrasjon\n    <\/a>\n  <\/div>\n\n","protected":false},"excerpt":{"rendered":"<p>AA Logistik har drevet sin virksomhet i logistikkbransjen siden&hellip;<\/p>\n","protected":false},"author":18,"featured_media":7321,"parent":0,"menu_order":0,"comment_status":"closed","ping_status":"closed","template":"","meta":{"_acf_changed":false,"footnotes":""},"class_list":["post-7381","page","type-page","status-publish","has-post-thumbnail","hentry"],"acf":[],"_links":{"self":[{"href":"https:\/\/opter.com\/no\/wp-json\/wp\/v2\/pages\/7381","targetHints":{"allow":["GET"]}}],"collection":[{"href":"https:\/\/opter.com\/no\/wp-json\/wp\/v2\/pages"}],"about":[{"href":"https:\/\/opter.com\/no\/wp-json\/wp\/v2\/types\/page"}],"author":[{"embeddable":true,"href":"https:\/\/opter.com\/no\/wp-json\/wp\/v2\/users\/18"}],"replies":[{"embeddable":true,"href":"https:\/\/opter.com\/no\/wp-json\/wp\/v2\/comments?post=7381"}],"version-history":[{"count":4,"href":"https:\/\/opter.com\/no\/wp-json\/wp\/v2\/pages\/7381\/revisions"}],"predecessor-version":[{"id":12131,"href":"https:\/\/opter.com\/no\/wp-json\/wp\/v2\/pages\/7381\/revisions\/12131"}],"wp:featuredmedia":[{"embeddable":true,"href":"https:\/\/opter.com\/no\/wp-json\/wp\/v2\/media\/7321"}],"wp:attachment":[{"href":"https:\/\/opter.com\/no\/wp-json\/wp\/v2\/media?parent=7381"}],"curies":[{"name":"wp","href":"https:\/\/api.w.org\/{rel}","templated":true}]}}