{"id":7404,"date":"2022-02-14T12:10:48","date_gmt":"2022-02-14T11:10:48","guid":{"rendered":"https:\/\/opter.com\/piccolo-logistics\/"},"modified":"2023-01-26T16:18:06","modified_gmt":"2023-01-26T15:18:06","slug":"piccolo-logistics","status":"publish","type":"page","link":"https:\/\/opter.com\/no\/piccolo-logistics\/","title":{"rendered":"Piccolo Logistics"},"content":{"rendered":"<div class=\"ImageHeadline\">\n      <div class=\"ImageHeadline-image\" style=\"background-image: url('https:\/\/opter.com\/wp-content\/uploads\/2022\/01\/piccolo-1600-1024x576.png')\">\n      <img loading=\"lazy\" decoding=\"async\" width=\"1024\" height=\"576\" src=\"https:\/\/opter.com\/wp-content\/uploads\/2022\/01\/piccolo-1600-1024x576.png\" class=\"ImageHeadline-img\" alt=\"\" srcset=\"https:\/\/opter.com\/wp-content\/uploads\/2022\/01\/piccolo-1600-1024x576.png 1024w, https:\/\/opter.com\/wp-content\/uploads\/2022\/01\/piccolo-1600-300x169.png 300w, https:\/\/opter.com\/wp-content\/uploads\/2022\/01\/piccolo-1600-768x432.png 768w, https:\/\/opter.com\/wp-content\/uploads\/2022\/01\/piccolo-1600-1536x864.png 1536w, https:\/\/opter.com\/wp-content\/uploads\/2022\/01\/piccolo-1600-1440x810.png 1440w, https:\/\/opter.com\/wp-content\/uploads\/2022\/01\/piccolo-1600.png 1600w\" sizes=\"auto, (max-width: 1024px) 100vw, 1024px\" \/>\n    <\/div>\n    <h2 class=\"ImageHeadline-headline\">\u00abEt kostnadseffektivt og fleksibelt system.\u00bb<\/h2>\n<\/div>\n\n\n\n\n<p>Opter er et sv\u00e6rt kostnadseffektivt verkt\u00f8y som hjelper <a rel=\"noreferrer noopener\" href=\"https:\/\/www.piccolo.fi\" target=\"_blank\">Piccolo Logistics<\/a> med \u00e5 f\u00e5 all n\u00f8dvendig bestillingsinformasjon. Samtidig f\u00e5r kunden kvitteringsinformasjonen via systemet p\u00e5 en smidig m\u00e5te. Sj\u00e5f\u00f8rappen Opter Driver som lastes ned til mobiltelefonen, forenkler kommunikasjonen med f\u00f8rerne, som f\u00e5r informasjon om en bestilling i l\u00f8pet av f\u00e5 minutter.<\/p>\n\n\n\n<p>\u00abDen st\u00f8rste delen av hentingene og utkj\u00f8ringene gj\u00f8res hos oss innen noen timer, og Opter egner seg sv\u00e6rt godt til dette hektiske arbeidet. Jeg anser dessuten at modellen med avtaler som gjelder inntil videre uten tidsbegrensning, er et slags l\u00f8fte om et godt og p\u00e5litelig system som man ikke vil gi slipp p\u00e5 n\u00e5r man f\u00f8rst har begynt \u00e5 bruke det\u00bb, sier \u00f8konomi- og personaldirekt\u00f8r Yvonne Wentj\u00e4rvi-Granlund. <\/p>\n\n\n\n<p>En viktig faktor ved valget av system var ogs\u00e5 at det ikke var n\u00f8dvendig med noen store engangsinvesteringer, og at m\u00e5nedsavgiften var rimelig. En annen fordel med Opter er if\u00f8lge Piccolo Logistics at systemet kan modifiseres og at man kan gj\u00f8re endringer selv uten \u00e5 m\u00e5tte vente og betale noe ekstra.<\/p>\n\n\n\n<h3 class=\"wp-block-heading\">Bestill en demonstrasjon!<\/h3>\n\n\n\n<p>Vil du vite mer? Vi viser deg gjerne hvordan Opter kan effektivisere virksomheten din.<\/p>\n\n\n<div class=\"BookADemo\">\n    <a class=\"BookADemo-link\" href=\"\/no\/kontakt-oss\/bestill-demonstrasjon\/\">\n      Kontakt oss\n    <\/a>\n  <\/div>\n\n","protected":false},"excerpt":{"rendered":"<p>Opter er et sv\u00e6rt kostnadseffektivt verkt\u00f8y som hjelper Piccolo&hellip;<\/p>\n","protected":false},"author":18,"featured_media":7268,"parent":0,"menu_order":0,"comment_status":"closed","ping_status":"closed","template":"","meta":{"_acf_changed":false,"footnotes":""},"class_list":["post-7404","page","type-page","status-publish","has-post-thumbnail","hentry"],"acf":[],"_links":{"self":[{"href":"https:\/\/opter.com\/no\/wp-json\/wp\/v2\/pages\/7404","targetHints":{"allow":["GET"]}}],"collection":[{"href":"https:\/\/opter.com\/no\/wp-json\/wp\/v2\/pages"}],"about":[{"href":"https:\/\/opter.com\/no\/wp-json\/wp\/v2\/types\/page"}],"author":[{"embeddable":true,"href":"https:\/\/opter.com\/no\/wp-json\/wp\/v2\/users\/18"}],"replies":[{"embeddable":true,"href":"https:\/\/opter.com\/no\/wp-json\/wp\/v2\/comments?post=7404"}],"version-history":[{"count":16,"href":"https:\/\/opter.com\/no\/wp-json\/wp\/v2\/pages\/7404\/revisions"}],"predecessor-version":[{"id":7512,"href":"https:\/\/opter.com\/no\/wp-json\/wp\/v2\/pages\/7404\/revisions\/7512"}],"wp:featuredmedia":[{"embeddable":true,"href":"https:\/\/opter.com\/no\/wp-json\/wp\/v2\/media\/7268"}],"wp:attachment":[{"href":"https:\/\/opter.com\/no\/wp-json\/wp\/v2\/media?parent=7404"}],"curies":[{"name":"wp","href":"https:\/\/api.w.org\/{rel}","templated":true}]}}