{"id":8336,"date":"2022-10-24T13:56:42","date_gmt":"2022-10-24T11:56:42","guid":{"rendered":"https:\/\/opter.com\/?page_id=8336"},"modified":"2023-01-11T12:00:52","modified_gmt":"2023-01-11T11:00:52","slug":"loadmaster","status":"publish","type":"page","link":"https:\/\/opter.com\/no\/loadmaster\/","title":{"rendered":"LoadMaster"},"content":{"rendered":"<div class=\"ImageHeadline\">\n      <div class=\"ImageHeadline-image\" style=\"background-image: url('https:\/\/opter.com\/wp-content\/uploads\/2022\/09\/are-elgaen-loadmaster-1600-1024x576.png')\">\n      <img loading=\"lazy\" decoding=\"async\" width=\"1024\" height=\"576\" src=\"https:\/\/opter.com\/wp-content\/uploads\/2022\/09\/are-elgaen-loadmaster-1600-1024x576.png\" class=\"ImageHeadline-img\" alt=\"\" srcset=\"https:\/\/opter.com\/wp-content\/uploads\/2022\/09\/are-elgaen-loadmaster-1600-1024x576.png 1024w, https:\/\/opter.com\/wp-content\/uploads\/2022\/09\/are-elgaen-loadmaster-1600-300x169.png 300w, https:\/\/opter.com\/wp-content\/uploads\/2022\/09\/are-elgaen-loadmaster-1600-768x432.png 768w, https:\/\/opter.com\/wp-content\/uploads\/2022\/09\/are-elgaen-loadmaster-1600-1536x864.png 1536w, https:\/\/opter.com\/wp-content\/uploads\/2022\/09\/are-elgaen-loadmaster-1600-1440x810.png 1440w, https:\/\/opter.com\/wp-content\/uploads\/2022\/09\/are-elgaen-loadmaster-1600.png 1600w\" sizes=\"auto, (max-width: 1024px) 100vw, 1024px\" \/>\n    <\/div>\n    <h2 class=\"ImageHeadline-headline\">\u00abN\u00e5r du velger Opter, investerer du i et system som kan f\u00f8lge deg hele veien.\u00bb<\/h2>\n<\/div>\n\n\n\n\n<p>En av Opters f\u00f8rste kunder i Norge var <a href=\"http:\/\/loadmaster.no\" data-type=\"URL\" data-id=\"loadmaster.no\">LoadMaster AS<\/a> i Lillestr\u00f8m. Selskapet har 16 ansatte og noen egne biler til transport, men LoadMaster bruker f\u00f8rst og fremt Opter til \u00e5 bestille transport til sine underleverand\u00f8rer. Administrerende direkt\u00f8r i LoadMaster, Are Elg\u00e5en, sier at valget falt p\u00e5 Opter fordi det er 100 % skalerbart med funksjonalitet som kan matche alle de st\u00f8rre systemene p\u00e5 markedet.<\/p>\n\n\n\n<p>\u00abDet er en investering i et system som kan f\u00f8lge deg hele veien. Opter gir muligheten til \u00e5 utvikle mye automatisering. Utnytt spisskompetansen deres n\u00e5r systemet blir satt opp, slik at hele bedriften kan dra nytte av det p\u00e5 daglig basis.\u00bb<\/p>\n\n\n\n<p>Du kan begynne \u00e5 bruke Opter med kun det grunnleggende i systemet, men alt er der, if\u00f8lge Are, som har lang erfaring med Opter. Alle kunder har samme muligheter og funksjoner. Det fungerer for et lite budfirma med tre biler eller flere. Med automatisering har b\u00e5de LoadMaster og underleverand\u00f8rer kunnet flytte fokus fra administrasjon til kvalitet og oppf\u00f8lging.<\/p>\n\n\n\n<p>\u00abI en bransje med sm\u00e5 marginer er det kun \u00f8kte volumer som kan gi st\u00f8rre fortjeneste\u00bb, sier Are Elg\u00e5en. \u00abOg vi kan f\u00e5 \u00f8kte volumer gjennom effektivisering. Transport koster alltid det det koster.\u00bb<\/p>\n\n\n\n<h3 class=\"wp-block-heading\">Bestill en demonstrasjon!<\/h3>\n\n\n\n<p>Vil du vite mer? Vi viser deg gjerne hvordan Opter fungerer og hvor enkelt det er \u00e5 komme i gang.<\/p>\n\n\n<div class=\"BookADemo\">\n    <a class=\"BookADemo-link\" href=\"\/no\/kontakt-oss\/bestill-demonstrasjon\/\">\n      Kontakt oss\n    <\/a>\n  <\/div>\n\n","protected":false},"excerpt":{"rendered":"<p>En av Opters f\u00f8rste kunder i Norge var LoadMaster&hellip;<\/p>\n","protected":false},"author":18,"featured_media":8220,"parent":0,"menu_order":0,"comment_status":"closed","ping_status":"closed","template":"","meta":{"_acf_changed":false,"footnotes":""},"class_list":["post-8336","page","type-page","status-publish","has-post-thumbnail","hentry"],"acf":[],"_links":{"self":[{"href":"https:\/\/opter.com\/no\/wp-json\/wp\/v2\/pages\/8336","targetHints":{"allow":["GET"]}}],"collection":[{"href":"https:\/\/opter.com\/no\/wp-json\/wp\/v2\/pages"}],"about":[{"href":"https:\/\/opter.com\/no\/wp-json\/wp\/v2\/types\/page"}],"author":[{"embeddable":true,"href":"https:\/\/opter.com\/no\/wp-json\/wp\/v2\/users\/18"}],"replies":[{"embeddable":true,"href":"https:\/\/opter.com\/no\/wp-json\/wp\/v2\/comments?post=8336"}],"version-history":[{"count":2,"href":"https:\/\/opter.com\/no\/wp-json\/wp\/v2\/pages\/8336\/revisions"}],"predecessor-version":[{"id":8366,"href":"https:\/\/opter.com\/no\/wp-json\/wp\/v2\/pages\/8336\/revisions\/8366"}],"wp:featuredmedia":[{"embeddable":true,"href":"https:\/\/opter.com\/no\/wp-json\/wp\/v2\/media\/8220"}],"wp:attachment":[{"href":"https:\/\/opter.com\/no\/wp-json\/wp\/v2\/media?parent=8336"}],"curies":[{"name":"wp","href":"https:\/\/api.w.org\/{rel}","templated":true}]}}