{"id":8341,"date":"2022-10-24T14:09:13","date_gmt":"2022-10-24T12:09:13","guid":{"rendered":"https:\/\/opter.com\/?page_id=8341"},"modified":"2025-12-01T10:34:52","modified_gmt":"2025-12-01T09:34:52","slug":"itide-as","status":"publish","type":"page","link":"https:\/\/opter.com\/no\/itide-as\/","title":{"rendered":"Itide AS"},"content":{"rendered":"<div class=\"ImageHeadline\">\n      <div class=\"ImageHeadline-image\" style=\"background-image: url('https:\/\/opter.com\/wp-content\/uploads\/2022\/09\/itide-1600-1-1024x576.png')\">\n      <img loading=\"lazy\" decoding=\"async\" width=\"1024\" height=\"576\" src=\"https:\/\/opter.com\/wp-content\/uploads\/2022\/09\/itide-1600-1-1024x576.png\" class=\"ImageHeadline-img\" alt=\"\" srcset=\"https:\/\/opter.com\/wp-content\/uploads\/2022\/09\/itide-1600-1-1024x576.png 1024w, https:\/\/opter.com\/wp-content\/uploads\/2022\/09\/itide-1600-1-300x169.png 300w, https:\/\/opter.com\/wp-content\/uploads\/2022\/09\/itide-1600-1-768x432.png 768w, https:\/\/opter.com\/wp-content\/uploads\/2022\/09\/itide-1600-1-1536x864.png 1536w, https:\/\/opter.com\/wp-content\/uploads\/2022\/09\/itide-1600-1-1440x810.png 1440w, https:\/\/opter.com\/wp-content\/uploads\/2022\/09\/itide-1600-1.png 1600w\" sizes=\"auto, (max-width: 1024px) 100vw, 1024px\" \/>\n    <\/div>\n    <h2 class=\"ImageHeadline-headline\">\u00ab\u00c5 jobbe smartere frigj\u00f8r kapasitet.\u00bb<\/h2>\n<\/div>\n\n\n\n\n<p><a href=\"https:\/\/itide.no\/\">Itide AS<\/a> har brukt Opter som TMS-system siden 2016. Etter hvert som virksomheten vokste, trengte de et fleksibelt system som kunne skaleres opp i samme takt.<\/p>\n\n\n\n<p>\u00abVi valgte Opter for \u00e5 f\u00e5 alle operative logistikkfunksjoner p\u00e5 ett sted og optimalisere prosessene v\u00e5re\u00bb, sier Mie Marlene Fjeldheim, prosjektkoordinator i Itide.<\/p>\n\n\n\n<p>Siden starten i 2008 har Itide v\u00e6rt et selskap med fokus p\u00e5 personlige relasjoner, kvalitet og rett og slett \u00e5 v\u00e6re et transportselskap \u00abi tiden\u00bb. I dag har de en fl\u00e5te p\u00e5 27 kj\u00f8ret\u00f8y i ulike st\u00f8rrelser. Tjenestene som tilbys er prim\u00e6rt transport av varer med levering samme eller neste dag. I tillegg til dette tilbyr de ogs\u00e5 tjenester innen lagerlogistikk.<\/p>\n\n\n\n<p>N\u00e5r det er hard konkurranse, blir kontroll over priser, kostnader, kvalitet, avvik og full sporbarhet av forsendelser det aller viktigste. Itide bruker Opter til \u00e5 samle alle aktiviteter knyttet til en ordre i samme verkt\u00f8y. Mie Marlene Fjeldheim synes selve transportplanleggingsverkt\u00f8yet gir god oversikt for best mulig planlegging, automatisering og ruteoptimalisering.<\/p>\n\n\n\n<p>\u00abI en hektisk hverdag er det viktig \u00e5 ha et enkelt verkt\u00f8y for kompliserte logistikkoperasjoner. \u00c5 jobbe smartere frigj\u00f8r kapasitet, slik at vi kan fokusere p\u00e5 de riktige tingene\u00bb, avslutter hun.<\/p>\n\n\n\n<h3 class=\"wp-block-heading\">Bestill en demonstrasjon!<\/h3>\n\n\n\n<p>Vil du vite mer? Vi viser deg gjerne hvordan Opter fungerer og hvor enkelt det er \u00e5 komme i gang.<\/p>\n\n\n<div class=\"BookADemo\">\n    <a class=\"BookADemo-link\" href=\"\/no\/kontakt-oss\/bestill-demonstrasjon\/\">\n      Kontakt oss\n    <\/a>\n  <\/div>\n\n","protected":false},"excerpt":{"rendered":"<p>Itide AS har brukt Opter som TMS-system siden 2016.&hellip;<\/p>\n","protected":false},"author":18,"featured_media":8237,"parent":0,"menu_order":0,"comment_status":"closed","ping_status":"closed","template":"","meta":{"_acf_changed":false,"footnotes":""},"class_list":["post-8341","page","type-page","status-publish","has-post-thumbnail","hentry"],"acf":[],"_links":{"self":[{"href":"https:\/\/opter.com\/no\/wp-json\/wp\/v2\/pages\/8341","targetHints":{"allow":["GET"]}}],"collection":[{"href":"https:\/\/opter.com\/no\/wp-json\/wp\/v2\/pages"}],"about":[{"href":"https:\/\/opter.com\/no\/wp-json\/wp\/v2\/types\/page"}],"author":[{"embeddable":true,"href":"https:\/\/opter.com\/no\/wp-json\/wp\/v2\/users\/18"}],"replies":[{"embeddable":true,"href":"https:\/\/opter.com\/no\/wp-json\/wp\/v2\/comments?post=8341"}],"version-history":[{"count":3,"href":"https:\/\/opter.com\/no\/wp-json\/wp\/v2\/pages\/8341\/revisions"}],"predecessor-version":[{"id":15231,"href":"https:\/\/opter.com\/no\/wp-json\/wp\/v2\/pages\/8341\/revisions\/15231"}],"wp:featuredmedia":[{"embeddable":true,"href":"https:\/\/opter.com\/no\/wp-json\/wp\/v2\/media\/8237"}],"wp:attachment":[{"href":"https:\/\/opter.com\/no\/wp-json\/wp\/v2\/media?parent=8341"}],"curies":[{"name":"wp","href":"https:\/\/api.w.org\/{rel}","templated":true}]}}