{"id":8677,"date":"2022-12-13T14:28:38","date_gmt":"2022-12-13T13:28:38","guid":{"rendered":"https:\/\/opter.com\/?page_id=8677"},"modified":"2023-01-11T12:00:03","modified_gmt":"2023-01-11T11:00:03","slug":"redningsverket","status":"publish","type":"page","link":"https:\/\/opter.com\/no\/redningsverket\/","title":{"rendered":"Redningsverket"},"content":{"rendered":"<div class=\"ImageHeadline\">\n      <div class=\"ImageHeadline-image\" style=\"background-image: url('https:\/\/opter.com\/wp-content\/uploads\/2022\/12\/redningsverket-1600x900-2-1024x576.png')\">\n      <img loading=\"lazy\" decoding=\"async\" width=\"1024\" height=\"576\" src=\"https:\/\/opter.com\/wp-content\/uploads\/2022\/12\/redningsverket-1600x900-2-1024x576.png\" class=\"ImageHeadline-img\" alt=\"\" srcset=\"https:\/\/opter.com\/wp-content\/uploads\/2022\/12\/redningsverket-1600x900-2-1024x576.png 1024w, https:\/\/opter.com\/wp-content\/uploads\/2022\/12\/redningsverket-1600x900-2-300x169.png 300w, https:\/\/opter.com\/wp-content\/uploads\/2022\/12\/redningsverket-1600x900-2-768x432.png 768w, https:\/\/opter.com\/wp-content\/uploads\/2022\/12\/redningsverket-1600x900-2-1536x864.png 1536w, https:\/\/opter.com\/wp-content\/uploads\/2022\/12\/redningsverket-1600x900-2-1440x810.png 1440w, https:\/\/opter.com\/wp-content\/uploads\/2022\/12\/redningsverket-1600x900-2.png 1600w\" sizes=\"auto, (max-width: 1024px) 100vw, 1024px\" \/>\n    <\/div>\n    <h2 class=\"ImageHeadline-headline\">\u00abOpter gj\u00f8r at vi b\u00e5de sparer tid og forbedrer kontantstr\u00f8mmen v\u00e5r.\u00bb<\/h2>\n<\/div>\n\n\n\n\n<p>Som et av Norges st\u00f8rste bilbergingsselskap er <a href=\"https:\/\/redningsverket.no\/\" target=\"_blank\" rel=\"noreferrer noopener\">Redningsverket<\/a> tilgjengelig d\u00f8gnet rundt. For transportoppdrag bortsett fra bilberging hadde de behov for et system som kunne levere p\u00e5 flere punkter \u2013 bedre oversikt og kontroll, im\u00f8tekomme kundenes \u00f8kte informasjons- og rapporteringskrav, samt legge til rette for faktureringsprosessen. <\/p>\n\n\n\n<p>Etter \u00e5 ha testet ut noen systemer, falt valget p\u00e5 Opter, som ble anbefalt av flere kunder. \u00abVi tror at Opter har mye av det kundene v\u00e5re \u00f8nsker, ogs\u00e5 i fremtiden. Dette brukes aktivt som et salgsargument i anbudene og presentasjonene v\u00e5re\u00bb, sier Per Anders Peterson, driftsleder. Han fremhever at det er enkelt \u00e5 distribuere til bilene og at systemet legger til rette for kommunikasjon mellom kj\u00f8rekontor og sj\u00e5f\u00f8rer.<\/p>\n\n\n\n<p>\u00abDen st\u00f8rste forbedringen er at faktureringsrutinene er automatiserte og kan gj\u00f8res daglig. Det b\u00e5de sparer tid og forbedrer kontantstr\u00f8mmen v\u00e5r. Kundene v\u00e5re har ogs\u00e5 merket en forskjell!\u00bb<\/p>\n\n\n\n<h3 class=\"wp-block-heading\" id=\"block-720e0d76-aa94-4182-bff7-d127c7a2bc4a\">Bestill en demonstrasjon!<\/h3>\n\n\n\n<p id=\"block-67e5485d-1fb8-4396-9c03-186489bbc6e9\">Vil du vite mer? Vi viser deg gjerne hvordan Opter fungerer og hvor enkelt det er \u00e5 komme i gang.<\/p>\n\n\n<div class=\"BookADemo\">\n    <a class=\"BookADemo-link\" href=\"\/no\/kontakt-oss\/bestill-demonstrasjon\/\">\n      Kontakt oss\n    <\/a>\n  <\/div>\n\n","protected":false},"excerpt":{"rendered":"<p>Som et av Norges st\u00f8rste bilbergingsselskap er Redningsverket tilgjengelig&hellip;<\/p>\n","protected":false},"author":18,"featured_media":8661,"parent":0,"menu_order":0,"comment_status":"closed","ping_status":"closed","template":"","meta":{"_acf_changed":false,"footnotes":""},"class_list":["post-8677","page","type-page","status-publish","has-post-thumbnail","hentry"],"acf":[],"_links":{"self":[{"href":"https:\/\/opter.com\/no\/wp-json\/wp\/v2\/pages\/8677","targetHints":{"allow":["GET"]}}],"collection":[{"href":"https:\/\/opter.com\/no\/wp-json\/wp\/v2\/pages"}],"about":[{"href":"https:\/\/opter.com\/no\/wp-json\/wp\/v2\/types\/page"}],"author":[{"embeddable":true,"href":"https:\/\/opter.com\/no\/wp-json\/wp\/v2\/users\/18"}],"replies":[{"embeddable":true,"href":"https:\/\/opter.com\/no\/wp-json\/wp\/v2\/comments?post=8677"}],"version-history":[{"count":1,"href":"https:\/\/opter.com\/no\/wp-json\/wp\/v2\/pages\/8677\/revisions"}],"predecessor-version":[{"id":8723,"href":"https:\/\/opter.com\/no\/wp-json\/wp\/v2\/pages\/8677\/revisions\/8723"}],"wp:featuredmedia":[{"embeddable":true,"href":"https:\/\/opter.com\/no\/wp-json\/wp\/v2\/media\/8661"}],"wp:attachment":[{"href":"https:\/\/opter.com\/no\/wp-json\/wp\/v2\/media?parent=8677"}],"curies":[{"name":"wp","href":"https:\/\/api.w.org\/{rel}","templated":true}]}}