{"id":9364,"date":"2023-02-28T18:04:37","date_gmt":"2023-02-28T17:04:37","guid":{"rendered":"https:\/\/opter.com\/?page_id=9364"},"modified":"2023-02-28T18:09:59","modified_gmt":"2023-02-28T17:09:59","slug":"flemmings-containertransport","status":"publish","type":"page","link":"https:\/\/opter.com\/no\/flemmings-containertransport\/","title":{"rendered":"Flemmings Containertransport ApS"},"content":{"rendered":"<div class=\"ImageHeadline\">\n      <div class=\"ImageHeadline-image\" style=\"background-image: url('https:\/\/opter.com\/wp-content\/uploads\/2023\/02\/flemmings-1600x900-1-1024x576.png')\">\n      <img loading=\"lazy\" decoding=\"async\" width=\"1024\" height=\"576\" src=\"https:\/\/opter.com\/wp-content\/uploads\/2023\/02\/flemmings-1600x900-1-1024x576.png\" class=\"ImageHeadline-img\" alt=\"\" srcset=\"https:\/\/opter.com\/wp-content\/uploads\/2023\/02\/flemmings-1600x900-1-1024x576.png 1024w, https:\/\/opter.com\/wp-content\/uploads\/2023\/02\/flemmings-1600x900-1-300x169.png 300w, https:\/\/opter.com\/wp-content\/uploads\/2023\/02\/flemmings-1600x900-1-768x432.png 768w, https:\/\/opter.com\/wp-content\/uploads\/2023\/02\/flemmings-1600x900-1-1536x864.png 1536w, https:\/\/opter.com\/wp-content\/uploads\/2023\/02\/flemmings-1600x900-1-1440x810.png 1440w, https:\/\/opter.com\/wp-content\/uploads\/2023\/02\/flemmings-1600x900-1.png 1600w\" sizes=\"auto, (max-width: 1024px) 100vw, 1024px\" \/>\n    <\/div>\n    <h2 class=\"ImageHeadline-headline\">\u00abVi har f\u00e5tt bedre oversikt og kan tilby en mer automatisert tjeneste.\u00bb<\/h2>\n<\/div>\n\n\n\n\n<p>Siden <a rel=\"noreferrer noopener\" href=\"http:\/\/www.flemmings-container.dk\/\" target=\"_blank\">Flemmings Containertransport<\/a> begynte \u00e5 bruke Opter har de f\u00e5tt bedre oversikt og mer tid til andre ting, sier eier Anders Kjeldgaard. Firmaet har ti ansatte og har virksomhet innen avfallsh\u00e5ndtering, utleie av containere, frakt av byggematerialer og kranmontering.<\/p>\n\n\n\n<p>Da Flemmings skulle velge et nytt TMS-system, var det Opter som passet best til behovet de hadde for ordreh\u00e5ndtering, ordremottak, planlegging, oppf\u00f8lging og fakturering.<\/p>\n\n\n\n<p>\u00abSj\u00e5f\u00f8rappen gj\u00f8r det ogs\u00e5 mye enklere \u00e5 se hvor bilene befinner seg i l\u00f8pet av en dag. Vi skal til og med begynne med automatiske meldinger og en bookingportal, slik at kundene kan booke oppdragene sine selv.\u00bb<\/p>\n\n\n\n<p>Det man tidligere trengte telefonsamtaler, SMS og omfattende kommunikasjon til, har appen Opter Driver gjort enklere ved at man kan legge inn all n\u00f8dvendig informasjon knyttet til et oppdrag. Sj\u00e5f\u00f8ren f\u00e5r direkte tilgang til bilder, fraktbrev og andre dokumenter.<\/p>\n\n\n\n<p>Anders Kjeldgaard ser ogs\u00e5 at Opter kan hjelpe Flemmings Containertransport i fremtiden, blant annet med markedets \u00f8kende behov for rapporter. \u00abDet er h\u00f8ye krav til co2- og milj\u00f8regnskap i v\u00e5r bransje, og det kan Opter v\u00e6re til hjelp med. Det utgj\u00f8r mye for samarbeidet v\u00e5rt\u00bb, avslutter han.<\/p>\n\n\n\n<h3 class=\"wp-block-heading\">Bestill en demonstrasjon!<\/h3>\n\n\n\n<p>Vil du vite mer? Vi viser deg gjerne hvordan Opter kan effektivisere virksomheten din.<\/p>\n\n\n<div class=\"BookADemo\">\n    <a class=\"BookADemo-link\" href=\"\/no\/kontakt-oss\/bestill-demonstrasjon\/\">\n      Kontakt oss\n    <\/a>\n  <\/div>\n\n","protected":false},"excerpt":{"rendered":"<p>Siden Flemmings Containertransport begynte \u00e5 bruke Opter har de&hellip;<\/p>\n","protected":false},"author":18,"featured_media":9253,"parent":0,"menu_order":0,"comment_status":"closed","ping_status":"closed","template":"","meta":{"_acf_changed":false,"footnotes":""},"class_list":["post-9364","page","type-page","status-publish","has-post-thumbnail","hentry"],"acf":[],"_links":{"self":[{"href":"https:\/\/opter.com\/no\/wp-json\/wp\/v2\/pages\/9364","targetHints":{"allow":["GET"]}}],"collection":[{"href":"https:\/\/opter.com\/no\/wp-json\/wp\/v2\/pages"}],"about":[{"href":"https:\/\/opter.com\/no\/wp-json\/wp\/v2\/types\/page"}],"author":[{"embeddable":true,"href":"https:\/\/opter.com\/no\/wp-json\/wp\/v2\/users\/18"}],"replies":[{"embeddable":true,"href":"https:\/\/opter.com\/no\/wp-json\/wp\/v2\/comments?post=9364"}],"version-history":[{"count":2,"href":"https:\/\/opter.com\/no\/wp-json\/wp\/v2\/pages\/9364\/revisions"}],"predecessor-version":[{"id":9374,"href":"https:\/\/opter.com\/no\/wp-json\/wp\/v2\/pages\/9364\/revisions\/9374"}],"wp:featuredmedia":[{"embeddable":true,"href":"https:\/\/opter.com\/no\/wp-json\/wp\/v2\/media\/9253"}],"wp:attachment":[{"href":"https:\/\/opter.com\/no\/wp-json\/wp\/v2\/media?parent=9364"}],"curies":[{"name":"wp","href":"https:\/\/api.w.org\/{rel}","templated":true}]}}