{"id":9654,"date":"2023-03-28T15:06:32","date_gmt":"2023-03-28T13:06:32","guid":{"rendered":"https:\/\/opter.com\/?page_id=9654"},"modified":"2023-03-28T15:13:14","modified_gmt":"2023-03-28T13:13:14","slug":"freetrade-logistics-aps","status":"publish","type":"page","link":"https:\/\/opter.com\/no\/freetrade-logistics-aps\/","title":{"rendered":"FreeTrade Logistics ApS"},"content":{"rendered":"<div class=\"ImageHeadline\">\n      <div class=\"ImageHeadline-image\" style=\"background-image: url('https:\/\/opter.com\/wp-content\/uploads\/2023\/03\/freetrade-1024x576.png')\">\n      <img loading=\"lazy\" decoding=\"async\" width=\"1024\" height=\"576\" src=\"https:\/\/opter.com\/wp-content\/uploads\/2023\/03\/freetrade-1024x576.png\" class=\"ImageHeadline-img\" alt=\"\" srcset=\"https:\/\/opter.com\/wp-content\/uploads\/2023\/03\/freetrade-1024x576.png 1024w, https:\/\/opter.com\/wp-content\/uploads\/2023\/03\/freetrade-300x169.png 300w, https:\/\/opter.com\/wp-content\/uploads\/2023\/03\/freetrade-768x432.png 768w, https:\/\/opter.com\/wp-content\/uploads\/2023\/03\/freetrade-1536x864.png 1536w, https:\/\/opter.com\/wp-content\/uploads\/2023\/03\/freetrade-1440x810.png 1440w, https:\/\/opter.com\/wp-content\/uploads\/2023\/03\/freetrade.png 1600w\" sizes=\"auto, (max-width: 1024px) 100vw, 1024px\" \/>\n    <\/div>\n    <h2 class=\"ImageHeadline-headline\">\u00abOpter gj\u00f8r det mulig for oss \u00e5 fokusere med kunden i sentrum.\u00bb<\/h2>\n<\/div>\n\n\n\n\n<p><a rel=\"noreferrer noopener\" href=\"https:\/\/www.freetradelog.com\/\" target=\"_blank\">FreeTrade Logistics<\/a> er en dansk bedrift som siden 2008 har spesialisert seg p\u00e5 logistikk- og transportl\u00f8sninger. De har ti ansatte og seks biler som kj\u00f8rer lokalt i K\u00f8benhavn, men tilbyr ogs\u00e5 lokale tjenester.<\/p>\n\n\n\n<p>I 2022 startet FreeTrade et digitaliseringsprosjekt for \u00e5 forbedre bedriftens virksomhet og skalerbarhet, og valgte Opter som nytt transportplanleggingssystem. Prosjektleder Mathias Clausen sier det er noe de ikke har angret p\u00e5.<\/p>\n\n\n\n<p>\u00abN\u00e5r kunder gj\u00f8r forretninger med oss, tar de et strategisk valg for \u00e5 styrke sin egen leveransekjede og konkurranseevne. Med Opter som kjernen i FreeTrade har vi kunnet forbedre kvaliteten p\u00e5 de mange forskjellige tjenestene FreeTrade Logistics tilbyr kundene.\u00bb <\/p>\n\n\n\n<p>Implementeringen av Opter har hjulpet FreeTrade Logistics med \u00e5 effektivisere prosesser og forbedre kvaliteten p\u00e5 tjenestene sine, noe som har resultert b\u00e5de i flere forn\u00f8yde kunder og betydelige besparinger innen administrasjon. Med Opter kan de fokusere p\u00e5 \u00e5 sette kundene f\u00f8rst og samtidig finne nye m\u00e5ter \u00e5 spare tid og effektivisere p\u00e5.<\/p>\n\n\n\n<h3 class=\"wp-block-heading\">Bestill en demonstrasjon!<\/h3>\n\n\n\n<p>Vil du vite mer? Vi viser deg gjerne hvordan Opter kan effektivisere virksomheten din.<\/p>\n\n\n<div class=\"BookADemo\">\n    <a class=\"BookADemo-link\" href=\"\/no\/kontakt-oss\/bestill-demonstrasjon\/\">\n      Kontakt oss\n    <\/a>\n  <\/div>\n\n","protected":false},"excerpt":{"rendered":"<p>FreeTrade Logistics er en dansk bedrift som siden 2008&hellip;<\/p>\n","protected":false},"author":18,"featured_media":9554,"parent":0,"menu_order":0,"comment_status":"closed","ping_status":"closed","template":"","meta":{"_acf_changed":false,"footnotes":""},"class_list":["post-9654","page","type-page","status-publish","has-post-thumbnail","hentry"],"acf":[],"_links":{"self":[{"href":"https:\/\/opter.com\/no\/wp-json\/wp\/v2\/pages\/9654","targetHints":{"allow":["GET"]}}],"collection":[{"href":"https:\/\/opter.com\/no\/wp-json\/wp\/v2\/pages"}],"about":[{"href":"https:\/\/opter.com\/no\/wp-json\/wp\/v2\/types\/page"}],"author":[{"embeddable":true,"href":"https:\/\/opter.com\/no\/wp-json\/wp\/v2\/users\/18"}],"replies":[{"embeddable":true,"href":"https:\/\/opter.com\/no\/wp-json\/wp\/v2\/comments?post=9654"}],"version-history":[{"count":2,"href":"https:\/\/opter.com\/no\/wp-json\/wp\/v2\/pages\/9654\/revisions"}],"predecessor-version":[{"id":9688,"href":"https:\/\/opter.com\/no\/wp-json\/wp\/v2\/pages\/9654\/revisions\/9688"}],"wp:featuredmedia":[{"embeddable":true,"href":"https:\/\/opter.com\/no\/wp-json\/wp\/v2\/media\/9554"}],"wp:attachment":[{"href":"https:\/\/opter.com\/no\/wp-json\/wp\/v2\/media?parent=9654"}],"curies":[{"name":"wp","href":"https:\/\/api.w.org\/{rel}","templated":true}]}}